{"id":661,"date":"2019-01-10T10:51:19","date_gmt":"2019-01-10T07:51:19","guid":{"rendered":"http:\/\/2019.brs.org.tr\/?page_id=661"},"modified":"2023-12-07T20:50:11","modified_gmt":"2023-12-07T17:50:11","slug":"konusma","status":"publish","type":"page","link":"https:\/\/2024.brs.org.tr\/index.php\/konusma\/","title":{"rendered":"Konu\u015fmac\u0131lar"},"content":{"rendered":"<h4><img loading=\"lazy\" decoding=\"async\" class=\"alignnone wp-image-2183 size-thumbnail\" src=\"https:\/\/2023.brs.org.tr\/wp-content\/uploads\/2023\/03\/ana-e1678042366707-150x150.jpg\" alt=\"\" width=\"150\" height=\"150\" \/><\/h4>\n<h4><em><strong>Dr. Ana Nogueira Freitas PEIGNEUR (Leuven, Belgium)\u00a0<\/strong><\/em><\/h4>\n<p><span style=\"font-family: 'Calibri',sans-serif; color: black;\">Laboratory of ion channel research (LICR),<\/span><\/p>\n<p><a href=\"https:\/\/2023.brs.org.tr\/wp-content\/uploads\/2023\/03\/Ana-CV_Isparta_meeting.pdf\">Click here to view cv<\/a><\/p>\n<p><img loading=\"lazy\" decoding=\"async\" class=\"alignnone wp-image-2375 size-thumbnail\" src=\"https:\/\/2024.brs.org.tr\/wp-content\/uploads\/2023\/12\/hulya-150x150.jpg\" alt=\"\" width=\"150\" height=\"150\" \/><\/p>\n<h4><em><strong>Dr. H\u00fclya BAYIR (New York, USA<\/strong><\/em><em><strong>)<\/strong><\/em><\/h4>\n<p>Critical Care Medicine and Endowed Chair of Pediatric Critical Care Medicine Research<\/p>\n<p>Click here to view cv<\/p>\n<h4><strong><img loading=\"lazy\" decoding=\"async\" class=\"alignnone size-thumbnail wp-image-1094\" src=\"https:\/\/2023.brs.org.tr\/wp-content\/uploads\/2019\/10\/marco-150x150.jpg\" alt=\"\" width=\"150\" height=\"150\" \/><\/strong><\/h4>\n<h4><strong>Dr. Marco CANEPARI<\/strong>\u00a0<em><strong>(<span lang=\"en-US\">Grenoble, Fransa<\/span>)<\/strong><\/em><\/h4>\n<p>Equipe MOTIV, Laboratoire Interdisciplinaire de Physique (LIPhy),\u00a0Universit\u00e9 Grenoble Alpes,<\/p>\n<p><a href=\"http:\/\/2020.brs.org.tr\/wp-content\/uploads\/2019\/10\/CV_Canepari.pdf\">Click here to view cv<\/a><\/p>\n<p><img loading=\"lazy\" decoding=\"async\" class=\"alignnone wp-image-325 size-thumbnail\" src=\"http:\/\/2019.brs.org.tr\/wp-content\/uploads\/2018\/07\/naz2-150x150.jpg\" alt=\"\" width=\"150\" height=\"150\" \/><\/p>\n<h4><em><strong>Dr. Mustafa NAZIRO\u011eLU (Isparta, T\u00fcrkiye)<\/strong><\/em><\/h4>\n<p>S\u00fcleyman Demirel \u00dcniversitesi T\u0131p Fak\u00fcltesi Biyofizik A.D.<\/p>\n<p><a href=\"http:\/\/2019.brs.org.tr\/wp-content\/uploads\/2018\/07\/nazir.pdf\">Click here to view cv<\/a><\/p>\n<p>&nbsp;<\/p>\n<p><img loading=\"lazy\" decoding=\"async\" class=\"alignnone size-thumbnail wp-image-2383\" src=\"https:\/\/2024.brs.org.tr\/wp-content\/uploads\/2023\/12\/simon-150x150.jpg\" alt=\"\" width=\"150\" height=\"150\" \/><\/p>\n<h4><em><strong><span lang=\"en-US\">Dr. Simon HEBEISEN (Biningen, \u0130svi\u00e7re)<\/span><\/strong><\/em><\/h4>\n<p><span style=\"font-family: times new roman,times; font-size: 12pt; color: #000000;\">B\u2019SYS Analytics GmbH<\/span><\/p>\n<p><a href=\"https:\/\/2024.brs.org.tr\/wp-content\/uploads\/2023\/12\/Curriculum-Vitae-Simon-Hebeisen-BRS2024.docx\"><span lang=\"en-US\">Click here to view cv<\/span><\/a><\/p>\n<p><img loading=\"lazy\" decoding=\"async\" class=\"alignnone size-thumbnail wp-image-1540\" src=\"https:\/\/2023.brs.org.tr\/wp-content\/uploads\/2021\/06\/xu-150x150.jpg\" alt=\"\" width=\"150\" height=\"150\" \/><\/p>\n<h4><em><strong>Dr. Xinhua SHU (Glasgow, \u0130ngiltere)<\/strong><\/em><\/h4>\n<p>School of Health and Life Sciences of Glasgow Caledonian University,<\/p>\n<p><a href=\"http:\/\/2019.brs.org.tr\/wp-content\/uploads\/2019\/03\/Shu-BRS-2019-Brief-CV.pdf\">Click here to view cv<\/a><\/p>\n<p><img loading=\"lazy\" decoding=\"async\" class=\"alignnone wp-image-2367 size-thumbnail\" src=\"https:\/\/2024.brs.org.tr\/wp-content\/uploads\/2023\/10\/Zhigang2-150x150.jpg\" alt=\"\" width=\"150\" height=\"150\" \/><\/p>\n<h4><em><strong>Dr. <\/strong><strong>Zhigang XIONG<\/strong> <strong>(<\/strong><strong>Atlanta, USA<\/strong><strong>)<\/strong><\/em><\/h4>\n<p>Anhui Medical University,<\/p>\n<p>Click here to view cv<\/p>\n","protected":false},"excerpt":{"rendered":"<p>Dr. Ana Nogueira Freitas PEIGNEUR (Leuven, Belgium)\u00a0 Laboratory of ion channel research (LICR), Click here to view cv Dr. H\u00fclya BAYIR (New York, USA) Critical Care Medicine and Endowed Chair of Pediatric Critical Care Medicine Research Click here to view cv Dr. Marco CANEPARI\u00a0(Grenoble, Fransa) Equipe MOTIV, Laboratoire Interdisciplinaire de Physique (LIPhy),\u00a0Universit\u00e9 Grenoble Alpes, Click here to view cv Dr. Mustafa NAZIRO\u011eLU (Isparta, T\u00fcrkiye) S\u00fcleyman Demirel \u00dcniversitesi T\u0131p Fak\u00fcltesi Biyofizik&hellip; <\/p>\n","protected":false},"author":1,"featured_media":0,"parent":0,"menu_order":0,"comment_status":"closed","ping_status":"closed","template":"","meta":{"footnotes":""},"class_list":["post-661","page","type-page","status-publish","hentry"],"_links":{"self":[{"href":"https:\/\/2024.brs.org.tr\/index.php\/wp-json\/wp\/v2\/pages\/661","targetHints":{"allow":["GET"]}}],"collection":[{"href":"https:\/\/2024.brs.org.tr\/index.php\/wp-json\/wp\/v2\/pages"}],"about":[{"href":"https:\/\/2024.brs.org.tr\/index.php\/wp-json\/wp\/v2\/types\/page"}],"author":[{"embeddable":true,"href":"https:\/\/2024.brs.org.tr\/index.php\/wp-json\/wp\/v2\/users\/1"}],"replies":[{"embeddable":true,"href":"https:\/\/2024.brs.org.tr\/index.php\/wp-json\/wp\/v2\/comments?post=661"}],"version-history":[{"count":74,"href":"https:\/\/2024.brs.org.tr\/index.php\/wp-json\/wp\/v2\/pages\/661\/revisions"}],"predecessor-version":[{"id":2390,"href":"https:\/\/2024.brs.org.tr\/index.php\/wp-json\/wp\/v2\/pages\/661\/revisions\/2390"}],"wp:attachment":[{"href":"https:\/\/2024.brs.org.tr\/index.php\/wp-json\/wp\/v2\/media?parent=661"}],"curies":[{"name":"wp","href":"https:\/\/api.w.org\/{rel}","templated":true}]}}