{"id":160,"date":"2018-07-19T22:35:46","date_gmt":"2018-07-19T19:35:46","guid":{"rendered":"http:\/\/2019.brs.org.tr\/?page_id=160"},"modified":"2024-03-06T15:02:25","modified_gmt":"2024-03-06T12:02:25","slug":"laboratuvar-egitmenleri","status":"publish","type":"page","link":"https:\/\/2024.brs.org.tr\/index.php\/laboratuvar-egitmenleri\/","title":{"rendered":"Laboratuvar E\u011fitmenleri"},"content":{"rendered":"<h2>H\u00fccre K\u00fclt\u00fcr\u00fc:<\/h2>\n<p><img loading=\"lazy\" decoding=\"async\" class=\"alignnone size-thumbnail wp-image-348\" src=\"http:\/\/2019.brs.org.tr\/wp-content\/uploads\/2018\/07\/yener-1-150x150.jpg\" alt=\"\" width=\"150\" height=\"150\" \/><\/p>\n<h4><em><strong>Dr. Yener YAZ\u011eAN\u00a0 <\/strong><\/em><em><strong>(Kastamonu,\u00a0<\/strong><\/em><em><strong>T\u00fcrkiye<\/strong><\/em><em><strong>)<\/strong><\/em><\/h4>\n<p>Department of Biophysics, Medical Faculty, Kastamonu University<\/p>\n<p>Click here to view cv<\/p>\n<h2>Kalsiyum Sinyali &amp; Patch Clamp:<\/h2>\n<p><img loading=\"lazy\" decoding=\"async\" class=\"alignnone size-thumbnail wp-image-349\" src=\"http:\/\/2019.brs.org.tr\/wp-content\/uploads\/2018\/07\/naz2-1-150x150.jpg\" alt=\"\" width=\"150\" height=\"150\" \/><\/p>\n<h4><em><strong>Dr. Mustafa NAZIRO\u011eLU\u00a0\u00a0<\/strong><\/em><em><strong>(Isparta,\u00a0<\/strong><\/em><em><strong>T\u00fcrkiye<\/strong><\/em><em><strong>)<\/strong><\/em><\/h4>\n<p>Department of Biophysics, Medical Faculty, S\u00fcleyman Demirel University<\/p>\n<p><a href=\"https:\/\/2024.brs.org.tr\/wp-content\/uploads\/2024\/03\/Biosketch-M.-Naziroglu.pdf\">Click here to view cv<\/a><\/p>\n<p><img loading=\"lazy\" decoding=\"async\" class=\"alignnone size-thumbnail wp-image-350\" src=\"http:\/\/2019.brs.org.tr\/wp-content\/uploads\/2018\/07\/omer-1-150x150.jpg\" alt=\"\" width=\"150\" height=\"150\" \/><\/p>\n<h4><em><strong>Dr. \u00d6mer \u00c7EL\u0130K\u00a0\u00a0<\/strong><\/em><em><strong>(Isparta,\u00a0<\/strong><\/em><em><strong>T\u00fcrkiye<\/strong><\/em><em><strong>)<\/strong><\/em><\/h4>\n<p>Department of Biophysics, Medical Faculty, S\u00fcleyman Demirel University<\/p>\n<p><a href=\"http:\/\/2019.brs.org.tr\/wp-content\/uploads\/2018\/07\/omer-en.pdf\">Click here to view cv<\/a><\/p>\n<p><img loading=\"lazy\" decoding=\"async\" class=\"alignnone wp-image-334 size-thumbnail\" src=\"http:\/\/2019.brs.org.tr\/wp-content\/uploads\/2018\/07\/simon-150x150.jpg\" alt=\"\" width=\"150\" height=\"150\" srcset=\"https:\/\/2024.brs.org.tr\/wp-content\/uploads\/2018\/07\/simon-150x150.jpg 150w, https:\/\/2024.brs.org.tr\/wp-content\/uploads\/2018\/07\/simon.jpg 200w\" sizes=\"auto, (max-width: 150px) 100vw, 150px\" \/><\/p>\n<h4><em><strong>Dr. Simon\u00a0<\/strong><\/em><em><strong><span lang=\"en-US\">HEBEISEN <\/span><\/strong><\/em><em><strong>\u00a0(Biningen, Switzerland)<\/strong><\/em><\/h4>\n<p>B\u2019SYS Analytics GmbH<\/p>\n<p><a href=\"http:\/\/2018.brs.org.tr\/wp-content\/uploads\/2018\/02\/Biosketch-Simon-Hebeisen.pdf\">Click here to view cv<\/a><\/p>\n<p><img loading=\"lazy\" decoding=\"async\" class=\"alignnone size-thumbnail wp-image-353\" src=\"http:\/\/2019.brs.org.tr\/wp-content\/uploads\/2018\/07\/kenan-1-150x150.jpg\" alt=\"\" width=\"150\" height=\"150\" \/><\/p>\n<h4><em><strong>Dr. Kenan YILDIZHAN\u00a0 <\/strong><\/em><em><strong>(Van,\u00a0<\/strong><\/em><em><strong>T\u00fcrkiye<\/strong><\/em><em><strong>)<\/strong><\/em><\/h4>\n<p>Department of Biophysics, Medical Faculty, Van Y\u00fcz\u00fcnc\u00fc Y\u0131l\u00a0University<\/p>\n<p><a href=\"http:\/\/2019.brs.org.tr\/wp-content\/uploads\/2018\/07\/knn-en.pdf\">Click here to view cv<\/a><\/p>\n<h2>Western Blot:<\/h2>\n<p><img loading=\"lazy\" decoding=\"async\" class=\"alignnone size-thumbnail wp-image-504\" src=\"http:\/\/2020.brs.org.tr\/wp-content\/uploads\/2018\/09\/denis-150x150.jpg\" alt=\"\" width=\"150\" height=\"150\" srcset=\"https:\/\/2024.brs.org.tr\/wp-content\/uploads\/2018\/09\/denis-150x150.jpg 150w, https:\/\/2024.brs.org.tr\/wp-content\/uploads\/2018\/09\/denis-298x300.jpg 298w, https:\/\/2024.brs.org.tr\/wp-content\/uploads\/2018\/09\/denis.jpg 496w\" sizes=\"auto, (max-width: 150px) 100vw, 150px\" \/><\/p>\n<h4><em><strong><span lang=\"en-GB\"><span lang=\"en-US\">Dr. Denis ROUSSEAU\u00a0 (Grenoble, France)<\/span><\/span><\/strong><\/em><\/h4>\n<p><span lang=\"en-US\">Department of Biology, Science Faculty, Joseph Fourier University,\u00a0<\/span><\/p>\n<p><a href=\"http:\/\/2020.brs.org.tr\/wp-content\/uploads\/2019\/10\/DEN\u0130S-CV.pdf\">Click here to view cv<\/a><\/p>\n<p><img loading=\"lazy\" decoding=\"async\" class=\"alignnone size-thumbnail wp-image-354\" src=\"http:\/\/2019.brs.org.tr\/wp-content\/uploads\/2018\/07\/rmzn-1-150x150.jpg\" alt=\"\" width=\"150\" height=\"150\" \/><\/p>\n<h4><em><strong>Dr. Ramazan \u00c7INAR\u00a0 (Isparta, T\u00fcrkiye)<\/strong><\/em><\/h4>\n<p>Department\u00a0of Biophysics, Faculty of Medicine<strong>,\u00a0<\/strong>Bilecik \u015eeyh Edebali University, Bilecik, T\u00fcrkiye<\/p>\n<p><a href=\"http:\/\/2019.brs.org.tr\/wp-content\/uploads\/2018\/07\/R\u00c7-CV-for-BRS.pdf\">Click here to view cv<\/a><\/p>\n","protected":false},"excerpt":{"rendered":"<p>H\u00fccre K\u00fclt\u00fcr\u00fc: Dr. Yener YAZ\u011eAN\u00a0 (Kastamonu,\u00a0T\u00fcrkiye) Department of Biophysics, Medical Faculty, Kastamonu University Click here to view cv Kalsiyum Sinyali &amp; Patch Clamp: Dr. Mustafa NAZIRO\u011eLU\u00a0\u00a0(Isparta,\u00a0T\u00fcrkiye) Department of Biophysics, Medical Faculty, S\u00fcleyman Demirel University Click here to view cv Dr. \u00d6mer \u00c7EL\u0130K\u00a0\u00a0(Isparta,\u00a0T\u00fcrkiye) Department of Biophysics, Medical Faculty, S\u00fcleyman Demirel University Click here to view cv Dr. Simon\u00a0HEBEISEN \u00a0(Biningen, Switzerland) B\u2019SYS Analytics GmbH Click here to view cv Dr. Kenan YILDIZHAN\u00a0&hellip; <\/p>\n","protected":false},"author":1,"featured_media":0,"parent":0,"menu_order":0,"comment_status":"closed","ping_status":"closed","template":"","meta":{"footnotes":""},"class_list":["post-160","page","type-page","status-publish","hentry"],"_links":{"self":[{"href":"https:\/\/2024.brs.org.tr\/index.php\/wp-json\/wp\/v2\/pages\/160","targetHints":{"allow":["GET"]}}],"collection":[{"href":"https:\/\/2024.brs.org.tr\/index.php\/wp-json\/wp\/v2\/pages"}],"about":[{"href":"https:\/\/2024.brs.org.tr\/index.php\/wp-json\/wp\/v2\/types\/page"}],"author":[{"embeddable":true,"href":"https:\/\/2024.brs.org.tr\/index.php\/wp-json\/wp\/v2\/users\/1"}],"replies":[{"embeddable":true,"href":"https:\/\/2024.brs.org.tr\/index.php\/wp-json\/wp\/v2\/comments?post=160"}],"version-history":[{"count":48,"href":"https:\/\/2024.brs.org.tr\/index.php\/wp-json\/wp\/v2\/pages\/160\/revisions"}],"predecessor-version":[{"id":2433,"href":"https:\/\/2024.brs.org.tr\/index.php\/wp-json\/wp\/v2\/pages\/160\/revisions\/2433"}],"wp:attachment":[{"href":"https:\/\/2024.brs.org.tr\/index.php\/wp-json\/wp\/v2\/media?parent=160"}],"curies":[{"name":"wp","href":"https:\/\/api.w.org\/{rel}","templated":true}]}}