{"id":1172,"date":"2020-02-01T10:22:15","date_gmt":"2020-02-01T07:22:15","guid":{"rendered":"http:\/\/2020.brs.org.tr\/?page_id=1172"},"modified":"2024-02-19T08:39:49","modified_gmt":"2024-02-19T05:39:49","slug":"org","status":"publish","type":"page","link":"https:\/\/2024.brs.org.tr\/index.php\/org\/","title":{"rendered":"Organization Comittee"},"content":{"rendered":"\r\n<p><strong>Target Group<\/strong><strong>\u00a0<\/strong><\/p>\r\n<p>The school open to all applicants such as MSc or PhD students or young investigators, specialists and students.<\/p>\r\n<p>&nbsp;<\/p>\r\n<p style=\"text-align: center;\"><strong>Honorary Committee<\/strong><strong>\u00a0<\/strong><\/p>\r\n<p style=\"text-align: center;\"><strong>Prof. Dr. Mehmet SALTAN<\/strong><\/p>\r\n<p style=\"text-align: center;\">Rector of S\u00fcleyman Demirel University<\/p>\r\n<p style=\"text-align: center;\"><strong>Prof. Dr. Alim KO\u015eAR<\/strong><\/p>\r\n<p style=\"text-align: center;\">Dean of Medical Faculty, S\u00fcleyman Demirel University<\/p>\r\n<p style=\"text-align: center;\">\u00a0<\/p>\r\n<p style=\"text-align: center;\"><strong>Organization Committee<\/strong><strong>\u00a0<\/strong><\/p>\r\n<p style=\"text-align: center;\"><strong>Prof. Mustafa NAZIRO\u011eLU Chair<\/strong><\/p>\r\n<p style=\"text-align: center;\">Neuroscience Research Center (N\u00d6ROBAM), S\u00fcleyman Demirel University, Isparta, T\u00fcrkiye<\/p>\r\n<p style=\"text-align: center;\"><strong>Prof. Dr. \u00d6mer \u00c7EL\u0130K Vice Chair<\/strong><\/p>\r\n<p style=\"text-align: center;\">Department of Biophysics, Medical Faculty, S\u00fcleyman Demirel University, Isparta, T\u00fcrkiye\u00a0<\/p>\r\n<p style=\"text-align: center;\">\u00a0<\/p>\r\n<p style=\"text-align: center;\"><strong>Secretaria<\/strong><strong><br \/><\/strong><\/p>\r\n<p style=\"text-align: center;\"><strong>Assoc. Prof. Dr. Kenan YILDIZHAN <\/strong>Department of Biophysics, Faculty of Medicine<strong>, <\/strong>Van Y\u00fcz\u00fcnc\u00fc University, Van, T\u00fcrkiye.<\/p>\r\n<p style=\"text-align: center;\"><strong>Assist. Prof. Dr. Ramazan \u00c7INAR <\/strong>Department of Biophysics, Faculty of Medicine<strong>, <\/strong>Bilecik \u015eeyh Edebali University, Bilecik, T\u00fcrkiye.<strong>\u00a0<\/strong><\/p>\r\n<p style=\"text-align: center;\"><strong>Ay\u015fenur NAZIRO\u011eLU<\/strong> Department of Histology and Embryology, Faculty of Medicine<strong>, <\/strong>S\u00fcleyman Demirel University, Isparta, T\u00fcrkiye\u00a0<\/p>\r\n<p style=\"text-align: center;\">\u00a0<\/p>\r\n<p style=\"text-align: center;\"><strong>Accountants<\/strong><strong>\u00a0<\/strong><\/p>\r\n<p style=\"text-align: center;\"><strong>Assist. Prof. Dr. Ahmi \u00d6Z <\/strong>Department of Biophysics, Medical Faculty, S\u00fcleyman Demirel University, Isparta, T\u00fcrkiye\u00a0<\/p>\r\n","protected":false},"excerpt":{"rendered":"<p>Target Group\u00a0 The school open to all applicants such as MSc or PhD students or young investigators, specialists and students. &nbsp; Honorary Committee\u00a0 Prof. Dr. Mehmet SALTAN Rector of S\u00fcleyman Demirel University Prof. Dr. Alim KO\u015eAR Dean of Medical Faculty, S\u00fcleyman Demirel University \u00a0 Organization Committee\u00a0 Prof. Mustafa NAZIRO\u011eLU Chair Neuroscience Research Center (N\u00d6ROBAM), S\u00fcleyman Demirel University, Isparta, T\u00fcrkiye Prof. Dr. \u00d6mer \u00c7EL\u0130K Vice Chair Department of Biophysics, Medical Faculty,&hellip; <\/p>\n","protected":false},"author":1,"featured_media":0,"parent":0,"menu_order":0,"comment_status":"closed","ping_status":"closed","template":"","meta":{"footnotes":""},"class_list":["post-1172","page","type-page","status-publish","hentry"],"_links":{"self":[{"href":"https:\/\/2024.brs.org.tr\/index.php\/wp-json\/wp\/v2\/pages\/1172","targetHints":{"allow":["GET"]}}],"collection":[{"href":"https:\/\/2024.brs.org.tr\/index.php\/wp-json\/wp\/v2\/pages"}],"about":[{"href":"https:\/\/2024.brs.org.tr\/index.php\/wp-json\/wp\/v2\/types\/page"}],"author":[{"embeddable":true,"href":"https:\/\/2024.brs.org.tr\/index.php\/wp-json\/wp\/v2\/users\/1"}],"replies":[{"embeddable":true,"href":"https:\/\/2024.brs.org.tr\/index.php\/wp-json\/wp\/v2\/comments?post=1172"}],"version-history":[{"count":16,"href":"https:\/\/2024.brs.org.tr\/index.php\/wp-json\/wp\/v2\/pages\/1172\/revisions"}],"predecessor-version":[{"id":2424,"href":"https:\/\/2024.brs.org.tr\/index.php\/wp-json\/wp\/v2\/pages\/1172\/revisions\/2424"}],"wp:attachment":[{"href":"https:\/\/2024.brs.org.tr\/index.php\/wp-json\/wp\/v2\/media?parent=1172"}],"curies":[{"name":"wp","href":"https:\/\/api.w.org\/{rel}","templated":true}]}}